{"id":1290,"date":"2025-04-23T15:46:15","date_gmt":"2025-04-23T13:46:15","guid":{"rendered":"http:\/\/eu-retail.shop.mindclashgames.com\/replacements-shipping\/"},"modified":"2025-04-23T16:23:03","modified_gmt":"2025-04-23T14:23:03","slug":"replacements-shipping","status":"publish","type":"page","link":"https:\/\/eu-retail.shop.mindclashgames.com\/de\/replacements-shipping\/","title":{"rendered":"Versandinformationen"},"content":{"rendered":"\n<p>Versand der Produkte in diesem Online-Store erfolgt ausschlie\u00dflich innerhalb der Europ\u00e4ischen Union, der Schweiz, Norwegen und dem Vereinigten K\u00f6nigreich.<\/p>\n\n\n\n<p>\u200bBestellungen werden f\u00fcr gew\u00f6hnlich innerhalb von 1-3 Werktagen versandt und erreichen ihr Ziel gew\u00f6hnlich in 2-7 Werktagen, je nach Zielland. Unser europ\u00e4ischer Versandpartner befindet sich in Polen, von wo aus der Versand erfolgt. Bestellungen innerhalb von Polen werden mit InPost versandt; nach Deutschland, \u00d6sterreich, Tschechien und in die Slovakei mit DHL; Bestellungen aus anderen L\u00e4ndern mit FedEx.<\/p>\n\n\n\n<p>\u200bBeachten Sie, dass es bei Bestellungen von au\u00dferhalb der Europ\u00e4ischen Union, zu zus\u00e4tzlichen Zoll- und VAT-Geb\u00fchren kommen kann, welche durch das Zielland erhoben werden. Der Zoll- und VAT-Geb\u00fchrenwert wird beim Eintritt der Sendung in das Zielland berrechnet. Dies kann zu zus\u00e4tzlichen Kosten f\u00fcr den K\u00e4ufer f\u00fchren, welche im Preis, der bei Abschluss des Einkaufs angezeigt wird, nicht inkludiert sind.<\/p>\n\n\n\n<p>Bei Bestellungen von den Kanarischen Inseln kann es leider zu Versandzeiten von 2-3 Wochen kommen; in der Vergangenheit kam es vermehrt zu Beschwerden \u00fcber zus\u00e4tzliche Geb\u00fchren und Abgaben, welche durch FedEx erhoben wurden, daher haben wir uns entschlossen, den normalen Postdienst zu verwenden. Wenn Sie w\u00fcnschen, dass ihre Bestellung mit FedEx versandt wird und das Risiko zus\u00e4tzlicher Geb\u00fchren eingehen wollen, kontaktieren Sie uns bitte \u00fcber info@mindclashgames.com.<\/p>\n","protected":false},"excerpt":{"rendered":"<p>Versand der Produkte in diesem Online-Store erfolgt ausschlie\u00dflich innerhalb der Europ\u00e4ischen Union, der Schweiz, Norwegen und dem Vereinigten K\u00f6nigreich. \u200bBestellungen werden f\u00fcr gew\u00f6hnlich innerhalb von 1-3 Werktagen versandt und erreichen ihr Ziel gew\u00f6hnlich in 2-7 Werktagen, je nach Zielland. Unser europ\u00e4ischer Versandpartner befindet sich in Polen, von wo aus der Versand erfolgt. Bestellungen innerhalb von [&hellip;]<\/p>\n","protected":false},"author":1,"featured_media":0,"parent":0,"menu_order":0,"comment_status":"closed","ping_status":"closed","template":"","meta":{"footnotes":""},"class_list":["post-1290","page","type-page","status-publish","hentry"],"_links":{"self":[{"href":"https:\/\/eu-retail.shop.mindclashgames.com\/de\/wp-json\/wp\/v2\/pages\/1290","targetHints":{"allow":["GET"]}}],"collection":[{"href":"https:\/\/eu-retail.shop.mindclashgames.com\/de\/wp-json\/wp\/v2\/pages"}],"about":[{"href":"https:\/\/eu-retail.shop.mindclashgames.com\/de\/wp-json\/wp\/v2\/types\/page"}],"author":[{"embeddable":true,"href":"https:\/\/eu-retail.shop.mindclashgames.com\/de\/wp-json\/wp\/v2\/users\/1"}],"replies":[{"embeddable":true,"href":"https:\/\/eu-retail.shop.mindclashgames.com\/de\/wp-json\/wp\/v2\/comments?post=1290"}],"version-history":[{"count":1,"href":"https:\/\/eu-retail.shop.mindclashgames.com\/de\/wp-json\/wp\/v2\/pages\/1290\/revisions"}],"predecessor-version":[{"id":1555,"href":"https:\/\/eu-retail.shop.mindclashgames.com\/de\/wp-json\/wp\/v2\/pages\/1290\/revisions\/1555"}],"wp:attachment":[{"href":"https:\/\/eu-retail.shop.mindclashgames.com\/de\/wp-json\/wp\/v2\/media?parent=1290"}],"curies":[{"name":"wp","href":"https:\/\/api.w.org\/{rel}","templated":true}]}}